{"id":17074,"date":"2024-10-17T21:51:54","date_gmt":"2024-10-17T20:51:54","guid":{"rendered":"https:\/\/elikafoods.com\/gure-produktuak\/andrographis-paniculata\/"},"modified":"2024-12-31T12:07:54","modified_gmt":"2024-12-31T11:07:54","slug":"andrographis-paniculata","status":"publish","type":"page","link":"https:\/\/elikafoods.com\/eu\/gure-produktuak\/andrographis-paniculata\/","title":{"rendered":"Andrographis paniculata"},"content":{"rendered":"\n<div class=\"wp-block-columns alignfull is-layout-flex wp-container-core-columns-is-layout-28f84493 wp-block-columns-is-layout-flex\">\n<div class=\"wp-block-column is-layout-flow wp-block-column-is-layout-flow\" style=\"flex-basis:50%\"><div data-block-name=\"woocommerce\/handpicked-products\" data-columns=\"1\" data-content-visibility=\"{&quot;image&quot;:true,&quot;title&quot;:true,&quot;price&quot;:true,&quot;rating&quot;:false,&quot;button&quot;:true}\" data-products=\"[17040]\" class=\"wc-block-grid wp-block-handpicked-products wp-block-woocommerce-handpicked-products wc-block-handpicked-products has-1-columns has-multiple-rows alignfull\"><ul class=\"wc-block-grid__products\"><li class=\"wc-block-grid__product add-to-wishlist-after_add_to_cart\"><a href=\"https:\/\/elikafoods.com\/eu\/producto\/immuno-andrographis-paniculata-kapsulak-120\/\" class=\"wc-block-grid__product-link\">\n\t\t\t\t\t\n\t\t\t\t\t<div class=\"wc-block-grid__product-image\"><img loading=\"lazy\" decoding=\"async\" width=\"300\" height=\"300\" src=\"https:\/\/elikafoods.com\/wp-content\/uploads\/2025\/01\/Immuno_120_1-300x300.jpg\" class=\"attachment-woocommerce_thumbnail size-woocommerce_thumbnail\" alt=\"Andrographis paniculata\" srcset=\"https:\/\/elikafoods.com\/wp-content\/uploads\/2025\/01\/Immuno_120_1-300x300.jpg 300w, https:\/\/elikafoods.com\/wp-content\/uploads\/2025\/01\/Immuno_120_1-150x150.jpg 150w, https:\/\/elikafoods.com\/wp-content\/uploads\/2025\/01\/Immuno_120_1-768x768.jpg 768w, https:\/\/elikafoods.com\/wp-content\/uploads\/2025\/01\/Immuno_120_1-50x50.jpg 50w, https:\/\/elikafoods.com\/wp-content\/uploads\/2025\/01\/Immuno_120_1-600x600.jpg 600w, https:\/\/elikafoods.com\/wp-content\/uploads\/2025\/01\/Immuno_120_1-100x100.jpg 100w, https:\/\/elikafoods.com\/wp-content\/uploads\/2025\/01\/Immuno_120_1.jpg 850w\" sizes=\"auto, (max-width: 300px) 100vw, 300px\" \/><\/div>\n\t\t\t\t\t<div class=\"wc-block-grid__product-title\">IMMUNO &#8211; Andrographis Paniculata kapsulak (120)<\/div>\n\t\t\t\t<\/a>\n\t\t\t\t<div class=\"wc-block-grid__product-price price\"><span class=\"woocommerce-Price-amount amount\">21,90&nbsp;<span class=\"woocommerce-Price-currencySymbol\">&euro;<\/span><\/span><\/div>\n\t\t\t\t\n\t\t\t\t<div class=\"wp-block-button wc-block-grid__product-add-to-cart\"><a href=\"https:\/\/elikafoods.com\/eu\/producto\/immuno-andrographis-paniculata-kapsulak-120\/\" aria-label=\"Read more about &ldquo;IMMUNO - Andrographis Paniculata kapsulak (120)&rdquo;\" data-quantity=\"1\" data-product_id=\"17040\" data-product_sku=\"\" data-price=\"21.9\" rel=\"nofollow\" class=\"wp-block-button__link wp-element-button add_to_cart_button\">Read more<\/a><\/div>\n\t\t\t\n<div\n\tclass=\"yith-wcwl-add-to-wishlist add-to-wishlist-17040 yith-wcwl-add-to-wishlist--link-style wishlist-fragment on-first-load\"\n\tdata-fragment-ref=\"17040\"\n\tdata-fragment-options=\"{&quot;base_url&quot;:&quot;&quot;,&quot;product_id&quot;:17040,&quot;parent_product_id&quot;:0,&quot;product_type&quot;:&quot;simple&quot;,&quot;is_single&quot;:false,&quot;in_default_wishlist&quot;:false,&quot;show_view&quot;:false,&quot;browse_wishlist_text&quot;:&quot;Desioen zerrenda ikusi&quot;,&quot;already_in_wishslist_text&quot;:&quot;Produktua zure nahien zerrendan dago jada!&quot;,&quot;product_added_text&quot;:&quot;Produktua gehitu da!&quot;,&quot;available_multi_wishlist&quot;:false,&quot;disable_wishlist&quot;:false,&quot;show_count&quot;:false,&quot;ajax_loading&quot;:false,&quot;loop_position&quot;:&quot;after_add_to_cart&quot;,&quot;item&quot;:&quot;add_to_wishlist&quot;}\"\n>\n\t\t\t\n\t\t\t<!-- ADD TO WISHLIST -->\n\t\t\t\n<div class=\"yith-wcwl-add-button\">\n\t\t<a\n\t\thref=\"?add_to_wishlist=17040&#038;_wpnonce=9cca3294bc\"\n\t\tclass=\"add_to_wishlist single_add_to_wishlist\"\n\t\tdata-product-id=\"17040\"\n\t\tdata-product-type=\"simple\"\n\t\tdata-original-product-id=\"0\"\n\t\tdata-title=\"Nahien zerrendara gehitu\"\n\t\trel=\"nofollow\"\n\t>\n\t\t<svg id=\"yith-wcwl-icon-heart-outline\" class=\"yith-wcwl-icon-svg\" fill=\"none\" stroke-width=\"1.5\" stroke=\"currentColor\" viewBox=\"0 0 24 24\" xmlns=\"http:\/\/www.w3.org\/2000\/svg\">\n  <path stroke-linecap=\"round\" stroke-linejoin=\"round\" d=\"M21 8.25c0-2.485-2.099-4.5-4.688-4.5-1.935 0-3.597 1.126-4.312 2.733-.715-1.607-2.377-2.733-4.313-2.733C5.1 3.75 3 5.765 3 8.25c0 7.22 9 12 9 12s9-4.78 9-12Z\"><\/path>\n<\/svg>\t\t<span>Nahien zerrendara gehitu<\/span>\n\t<\/a>\n<\/div>\n\n\t\t\t<!-- COUNT TEXT -->\n\t\t\t\n\t\t\t<\/div>\n<\/li><\/ul><\/div><\/div>\n\n\n\n<div class=\"wp-block-column is-layout-flow wp-block-column-is-layout-flow\" style=\"flex-basis:50%\"><div data-block-name=\"woocommerce\/handpicked-products\" data-columns=\"1\" data-content-visibility=\"{&quot;image&quot;:true,&quot;title&quot;:true,&quot;price&quot;:true,&quot;rating&quot;:false,&quot;button&quot;:true}\" data-products=\"[17029]\" class=\"wc-block-grid wp-block-handpicked-products wp-block-woocommerce-handpicked-products wc-block-handpicked-products has-1-columns has-multiple-rows alignfull\"><ul class=\"wc-block-grid__products\"><li class=\"wc-block-grid__product add-to-wishlist-after_add_to_cart\"><a href=\"https:\/\/elikafoods.com\/eu\/producto\/immuno-andrographis-paniculata-kapsulak-240\/\" class=\"wc-block-grid__product-link\">\n\t\t\t\t\t\n\t\t\t\t\t<div class=\"wc-block-grid__product-image\"><img loading=\"lazy\" decoding=\"async\" width=\"300\" height=\"300\" src=\"https:\/\/elikafoods.com\/wp-content\/uploads\/2025\/01\/Immuno_240_1-300x300.jpg\" class=\"attachment-woocommerce_thumbnail size-woocommerce_thumbnail\" alt=\"IMMUNO - Andrographis Paniculata kapsulak (240)\" srcset=\"https:\/\/elikafoods.com\/wp-content\/uploads\/2025\/01\/Immuno_240_1-300x300.jpg 300w, https:\/\/elikafoods.com\/wp-content\/uploads\/2025\/01\/Immuno_240_1-150x150.jpg 150w, https:\/\/elikafoods.com\/wp-content\/uploads\/2025\/01\/Immuno_240_1-768x768.jpg 768w, https:\/\/elikafoods.com\/wp-content\/uploads\/2025\/01\/Immuno_240_1-50x50.jpg 50w, https:\/\/elikafoods.com\/wp-content\/uploads\/2025\/01\/Immuno_240_1-600x600.jpg 600w, https:\/\/elikafoods.com\/wp-content\/uploads\/2025\/01\/Immuno_240_1-100x100.jpg 100w, https:\/\/elikafoods.com\/wp-content\/uploads\/2025\/01\/Immuno_240_1.jpg 850w\" sizes=\"auto, (max-width: 300px) 100vw, 300px\" \/><\/div>\n\t\t\t\t\t<div class=\"wc-block-grid__product-title\">IMMUNO &#8211; Andrographis Paniculata kapsulak (240)<\/div>\n\t\t\t\t<\/a>\n\t\t\t\t<div class=\"wc-block-grid__product-price price\"><span class=\"woocommerce-Price-amount amount\">29,90&nbsp;<span class=\"woocommerce-Price-currencySymbol\">&euro;<\/span><\/span><\/div>\n\t\t\t\t\n\t\t\t\t<div class=\"wp-block-button wc-block-grid__product-add-to-cart\"><a href=\"https:\/\/elikafoods.com\/eu\/producto\/immuno-andrographis-paniculata-kapsulak-240\/\" aria-label=\"Read more about &ldquo;IMMUNO - Andrographis Paniculata kapsulak (240)&rdquo;\" data-quantity=\"1\" data-product_id=\"17029\" data-product_sku=\"\" data-price=\"29.9\" rel=\"nofollow\" class=\"wp-block-button__link wp-element-button add_to_cart_button\">Read more<\/a><\/div>\n\t\t\t\n<div\n\tclass=\"yith-wcwl-add-to-wishlist add-to-wishlist-17029 yith-wcwl-add-to-wishlist--link-style wishlist-fragment on-first-load\"\n\tdata-fragment-ref=\"17029\"\n\tdata-fragment-options=\"{&quot;base_url&quot;:&quot;&quot;,&quot;product_id&quot;:17029,&quot;parent_product_id&quot;:0,&quot;product_type&quot;:&quot;simple&quot;,&quot;is_single&quot;:false,&quot;in_default_wishlist&quot;:false,&quot;show_view&quot;:false,&quot;browse_wishlist_text&quot;:&quot;Desioen zerrenda ikusi&quot;,&quot;already_in_wishslist_text&quot;:&quot;Produktua zure nahien zerrendan dago jada!&quot;,&quot;product_added_text&quot;:&quot;Produktua gehitu da!&quot;,&quot;available_multi_wishlist&quot;:false,&quot;disable_wishlist&quot;:false,&quot;show_count&quot;:false,&quot;ajax_loading&quot;:false,&quot;loop_position&quot;:&quot;after_add_to_cart&quot;,&quot;item&quot;:&quot;add_to_wishlist&quot;}\"\n>\n\t\t\t\n\t\t\t<!-- ADD TO WISHLIST -->\n\t\t\t\n<div class=\"yith-wcwl-add-button\">\n\t\t<a\n\t\thref=\"?add_to_wishlist=17029&#038;_wpnonce=9cca3294bc\"\n\t\tclass=\"add_to_wishlist single_add_to_wishlist\"\n\t\tdata-product-id=\"17029\"\n\t\tdata-product-type=\"simple\"\n\t\tdata-original-product-id=\"0\"\n\t\tdata-title=\"Nahien zerrendara gehitu\"\n\t\trel=\"nofollow\"\n\t>\n\t\t<svg id=\"yith-wcwl-icon-heart-outline\" class=\"yith-wcwl-icon-svg\" fill=\"none\" stroke-width=\"1.5\" stroke=\"currentColor\" viewBox=\"0 0 24 24\" xmlns=\"http:\/\/www.w3.org\/2000\/svg\">\n  <path stroke-linecap=\"round\" stroke-linejoin=\"round\" d=\"M21 8.25c0-2.485-2.099-4.5-4.688-4.5-1.935 0-3.597 1.126-4.312 2.733-.715-1.607-2.377-2.733-4.313-2.733C5.1 3.75 3 5.765 3 8.25c0 7.22 9 12 9 12s9-4.78 9-12Z\"><\/path>\n<\/svg>\t\t<span>Nahien zerrendara gehitu<\/span>\n\t<\/a>\n<\/div>\n\n\t\t\t<!-- COUNT TEXT -->\n\t\t\t\n\t\t\t<\/div>\n<\/li><\/ul><\/div><\/div>\n<\/div>\n\n<div class=\"wp-block-columns alignwide is-layout-flex wp-container-core-columns-is-layout-28f84493 wp-block-columns-is-layout-flex\">\n<div class=\"wp-block-column is-layout-flow wp-block-column-is-layout-flow\" style=\"padding-top:var(--wp--preset--spacing--10);padding-right:var(--wp--preset--spacing--10);padding-bottom:var(--wp--preset--spacing--10);padding-left:var(--wp--preset--spacing--10);flex-basis:100%\">\n<h3 class=\"wp-block-heading alignwide\">Zer da Andrographis Paniculata?<\/h3>\n\n\n\n<p>Indian eta Sri Lankan hazten den landare belarkara da. Gaur egun hegoaldeko Asian asko lantzen da, eta bertan gaixotasun infekzioso batzuen tratamendurako erabiltzen da bere propietate antibiral eta antibakterialengatik.  Hostoak eta sustraiak medikuntzarako erabiltzen dira, batez ere, Indiako medikuntza tradizionalean edo Ayurvedan. Gainera, gaur egun birus-infekzioak prebenitzeko eta immunitate-sistema indartzeko erabiltzen da, bai eta gorputzaren defentsa naturalak kanpoko erasoen aurrean areagotzeko ere. <\/p>\n<\/div>\n\n\n\n<div class=\"wp-block-column is-layout-flow wp-block-column-is-layout-flow\" style=\"padding-top:var(--wp--preset--spacing--10);padding-right:var(--wp--preset--spacing--10);padding-bottom:var(--wp--preset--spacing--10);padding-left:var(--wp--preset--spacing--10);flex-basis:100%\">\n<div class=\"wp-block-group alignwide has-global-padding is-layout-constrained wp-block-group-is-layout-constrained\">\n<h3 class=\"wp-block-heading alignwide\">Deskribapena<\/h3>\n\n\n\n<p>Urteroko belarra da, oso zapore mingotsekoa. Izan ere, Indian landarea &#8220;Maha-Tita&#8221; izenarekin ezagutzen da, literalki &#8220;mingotsen erregea&#8221;, eta Malaysian &#8220;Hempedu Bumi&#8221; bezala ezagutzen da, literalki &#8220;lurraren behazuna&#8221; esan nahi duena, medikuntza indiar tradizionaleko landarerik garratzenetako bat baita. Horregatik, kapsuletan egiten dugu, eta ez konprimituetan.  <\/p>\n<\/div>\n<\/div>\n<\/div>\n\n<figure class=\"wp-block-image size-full\"><img decoding=\"async\" src=\"https:\/\/elikafoods.com\/wp-content\/uploads\/2020\/12\/andrographis.jpg\" alt=\"Andrographis paniculata hostoak\" class=\"wp-image-9575\"\/><\/figure>\n\n<div style=\"height:10px\" aria-hidden=\"true\" class=\"wp-block-spacer\"><\/div>\n\n<div class=\"wp-block-group alignfull has-base-background-color has-background is-layout-flow wp-block-group-is-layout-flow\" style=\"padding-top:var(--wp--preset--spacing--40);padding-right:var(--wp--preset--spacing--50);padding-bottom:var(--wp--preset--spacing--40);padding-left:var(--wp--preset--spacing--50)\">\n<h3 class=\"wp-block-heading alignwide is-style-default\">Propietateak<\/h3>\n\n\n\n<p>American Botanical Council-en monografiaren arabera, andrographien landarea propietate eta indikazio ezberdinak dituelako da ezaguna.<\/p>\n\n\n\n<p>Sistema immunologikoa estimulatzen du, birus-infekzioak prebenituz eta, horrela, sistema immunea indartuz eta gorputzeko defentsa naturalak areagotuz kanpo-erasoen aurrean.<\/p>\n\n\n\n<p>Sukarra eta hantura gutxitzea gibela babestuz, plaketa-agregazioa murriztea, hotzeria eta hoztea tratatu eta aurrebideratzea, gernu-traktuko infekzio bakterianoak.<\/p>\n\n\n\n<p>Indian, andrographia diabetesa, eztula, infekzioak, hepatitisa eta nahasmendu gastrointestinalak (beherakoa, indigestioa edo jateko gogoa galtzea) tratatzeko erabiltzen da.<\/p>\n\n\n\n<p>Landarearen aktibo nagusia andrographolide osagaia da, labdano diterpenoide bat, baina beste substantzia batzuek oraindik landare honen gaitasunari laguntzen diote.<\/p>\n\n\n\n<p>Txinako ikerketetan aurkitu zen landarea eraginkorra dela arnas traktuko infekzio biriko eta bakterianoen aurkako tratamendua. Sukarra murrizteko ere eraginkorra izan zen, parazetamolaren (azetaminofenoa) helburu bera eraginez. <\/p>\n\n\n\n<p>Orain arteko ikerketen arabera, Andrographis paniculatak funtzio immunea berrezarri du, baina ez du bakterien aurkako helburu zuzenik. Konfiskaziorik gabe, landareak malariaren aurkako jarduera bat duela ikusi zen. <\/p>\n\n\n\n<p>Andrographia oraindik ere ezaguna da bere gai hepatobabesleengatik. Gibela likoreak eta hainbat infekzio edo toxinak eragindako kaltearen aurka babesteko balio du. Dirudienez, gibelerako andrographien landarearen produktu babesleek gomazko karduaren silimarina gaindituko lukete, gibeleko gaitzak tratatzeko belarrik eraginkorrena kontsideratu baitzen. Indiako ikerketa berri baten arabera, landarearen estraktua eraginkorra da B motako hepatitisaren birusaren aurka.   <\/p>\n\n\n\n<p>Landarearen beste ikerketa batzuetan, kartzinogenoaren eraginpean dauden saguetan gibeleko tumoreen hobekuntza atzeratu zitekeela ikusi zen. Datu batzuen arabera, andrographiek droga hepatikoak metabolizatzen dituzten entzimak induzitzen dituzte. Arratoietan egindako azterketa baten probek ugalkortasunaren aurkako merkantzia arrak frogatu dituzte. Merkantzia horiek itzulgarriak izan ziren, baina beste ikerketa batzuek ez dituzte berretsi. Azterketa horiek oraindik ere abortatzeko helburua aurkitu zuten emakumeen artean.    <\/p>\n\n\n\n<p>Andrographiek hanturaren aurkako propietateak dituzte oraindik, bereziki, artritisa, eta, azkenik, beste ikerketa batzuetan analgesiko eta antipiretiko baten berri eman da (sukarraren aurka) eta arratoiak aspirinak eragindako ultzeretatik babestuko lituzkete. 2020ko martxoan Madrilgo eta Valentziako unibertsitateek Gabriel Gonz\u00e1lez Pav\u00f3n doktorearen eta Jos\u00e9 Mar\u00eda Benlloch Baviera irakaslearen zuzendaritzapean egindako ikerketen arabera, oso gomendagarria dirudi gaur egungo egoeran kontsumitzea. <\/p>\n<\/div>\n\n<div style=\"height:50px\" aria-hidden=\"true\" class=\"wp-block-spacer\"><\/div>\n\n<div class=\"wp-block-group alignwide is-layout-flow wp-block-group-is-layout-flow\">\n<h3 class=\"wp-block-heading alignwide\">Konposizioa<\/h3>\n\n\n\n<p>Andrographis paniculata osatzen duten metabolito garrantzitsuenen artean terpenoideak daude. Diterpenoideak sustraietan eta aireko zatietan aurkitu dira. Andrografolidoa diterpenoide garrantzitsuena da, landaretik isolatu ahal izan den bioaktibitateagatik. Mingotsa eta koloregabea da. Landarean aurkitutako beste diterpenoide garrantzitsu batzuk deoxiandrografidoa eta neoandrografolidoa dira.    <\/p>\n\n\n\n<div style=\"height:10px\" aria-hidden=\"true\" class=\"wp-block-spacer\"><\/div>\n\n\n\n<h3 class=\"wp-block-heading alignwide\">Andrographiak antimikrobiano gisa<\/h3>\n\n\n\n<p>Arabinogalaktanoak eta Andrographiseko ur-estraktuak jarduera antbakterianoa dute Escherichia coli (E. Coli), Bacillus subtilis, Pseudomonas aeruginosa eta Candida albicans legamiaren aurka. Diterpenoide andrografidoak Bacillus subtilis-aren eta Candida albicans legamiaren aurkako jarduera erakutsi du. <\/p>\n<\/div>\n\n<div style=\"height:50px\" aria-hidden=\"true\" class=\"wp-block-spacer\"><\/div>\n","protected":false},"excerpt":{"rendered":"<p>Zer da Andrographis Paniculata? Indian eta Sri Lankan hazten den landare belarkara da. Gaur egun hegoaldeko Asian asko lantzen da, eta bertan gaixotasun infekzioso batzuen tratamendurako erabiltzen da bere propietate antibiral eta antibakterialengatik. Hostoak eta sustraiak medikuntzarako erabiltzen dira, batez ere, Indiako medikuntza tradizionalean edo Ayurvedan. Gainera, gaur egun birus-infekzioak prebenitzeko eta immunitate-sistema indartzeko erabiltzen [&hellip;]<\/p>\n","protected":false},"author":1,"featured_media":0,"parent":17015,"menu_order":0,"comment_status":"closed","ping_status":"closed","template":"","meta":{"footnotes":""},"class_list":["post-17074","page","type-page","status-publish","hentry"],"_links":{"self":[{"href":"https:\/\/elikafoods.com\/eu\/wp-json\/wp\/v2\/pages\/17074","targetHints":{"allow":["GET"]}}],"collection":[{"href":"https:\/\/elikafoods.com\/eu\/wp-json\/wp\/v2\/pages"}],"about":[{"href":"https:\/\/elikafoods.com\/eu\/wp-json\/wp\/v2\/types\/page"}],"author":[{"embeddable":true,"href":"https:\/\/elikafoods.com\/eu\/wp-json\/wp\/v2\/users\/1"}],"replies":[{"embeddable":true,"href":"https:\/\/elikafoods.com\/eu\/wp-json\/wp\/v2\/comments?post=17074"}],"version-history":[{"count":0,"href":"https:\/\/elikafoods.com\/eu\/wp-json\/wp\/v2\/pages\/17074\/revisions"}],"up":[{"embeddable":true,"href":"https:\/\/elikafoods.com\/eu\/wp-json\/wp\/v2\/pages\/17015"}],"wp:attachment":[{"href":"https:\/\/elikafoods.com\/eu\/wp-json\/wp\/v2\/media?parent=17074"}],"curies":[{"name":"wp","href":"https:\/\/api.w.org\/{rel}","templated":true}]}}